{"id":99,"date":"2015-04-01T17:02:05","date_gmt":"2015-04-01T17:02:05","guid":{"rendered":"http:\/\/symcg.cl\/?page_id=99"},"modified":"2015-04-01T20:38:24","modified_gmt":"2015-04-01T20:38:24","slug":"home","status":"publish","type":"page","link":"https:\/\/symcg.cl\/","title":{"rendered":"Home"},"content":{"rendered":"<div class=\"one_third\">\n<div class=\"one_third\"><\/div>\n<img decoding=\"async\" class=\"aligncenter\" src=\"https:\/\/symcg.cl\/wp-content\/uploads\/2015\/04\/globo_01.png\" alt=\"\" \/><\/p>\n<div style=\"float: left; text-align: center;\">\n<h3><a title=\"Queremos entregar\" href=\"#\">Queremos entregar<\/a><\/h3>\n<p style=\"float: left; text-align: center;\">soluciones r\u00e1pidas y eficientes en el reclutamiento y selecci\u00f3n de profesionales, as\u00ed como en las \u00e1reas de capacitaci\u00f3n y la asesor\u00eda de proyectos de RR.HH.<\/p>\n<a class=\"read-more-align-right\" href=\"https:\/\/symcg.cl\/?page_id=2\" title=\"Queremos entregar\"><span>Leer m\u00e1s<\/span> &rarr;<\/a>\n<\/div>\n<\/div>\n<div class=\"one_third\">\n<img decoding=\"async\" class=\"aligncenter\" src=\"https:\/\/symcg.cl\/wp-content\/uploads\/2015\/04\/globo_02.png\" alt=\"\" \/><\/p>\n<div style=\"float: left; text-align: center;\">\n<h3><a title=\"Nuestros clientes\" href=\"#\">Nuestros clientes<\/a><\/h3>\n<p style=\"float: left; text-align: center;\">pueden dar testimonio del profesionalismo y excelencia que destacan a los profesionales de S&amp;M Consulting Group, que trabajan en cada proyecto como si fuera propio.<\/p>\n<a class=\"read-more-align-right\" href=\"https:\/\/symcg.cl\/?page_id=62\" title=\"Queremos entregar\"><span>Leer m\u00e1s<\/span> &rarr;<\/a>\n<\/div>\n<\/div>\n<div class=\"one_third last_column\">\n<img decoding=\"async\" class=\"aligncenter\" src=\"https:\/\/symcg.cl\/wp-content\/uploads\/2015\/04\/globo_03.png\" alt=\"\" \/><\/p>\n<div style=\"float: left; text-align: center;\">\n<h3><a title=\"Trabajemos juntos\" href=\"#\">Trabajemos juntos<\/a><\/h3>\n<p style=\"float: left; text-align: center;\">Queremos estar junto a ti cuando logres tus metas. Nuestros servicios est\u00e1n pensados para adaptarse a tus requerimientos.<\/p>\n<a class=\"read-more-align-right\" href=\"https:\/\/symcg.cl\/?page_id=65\" title=\"Trabajemos juntos\"><span>Leer m\u00e1s<\/span> &rarr;<\/a>\n<\/div>\n<\/div>\n","protected":false},"excerpt":{"rendered":"","protected":false},"author":1,"featured_media":0,"parent":0,"menu_order":0,"comment_status":"open","ping_status":"closed","template":"page-FullWidth.php","meta":{"footnotes":""},"class_list":["post-99","page","type-page","status-publish","hentry"],"_links":{"self":[{"href":"https:\/\/symcg.cl\/index.php?rest_route=\/wp\/v2\/pages\/99","targetHints":{"allow":["GET"]}}],"collection":[{"href":"https:\/\/symcg.cl\/index.php?rest_route=\/wp\/v2\/pages"}],"about":[{"href":"https:\/\/symcg.cl\/index.php?rest_route=\/wp\/v2\/types\/page"}],"author":[{"embeddable":true,"href":"https:\/\/symcg.cl\/index.php?rest_route=\/wp\/v2\/users\/1"}],"replies":[{"embeddable":true,"href":"https:\/\/symcg.cl\/index.php?rest_route=%2Fwp%2Fv2%2Fcomments&post=99"}],"version-history":[{"count":32,"href":"https:\/\/symcg.cl\/index.php?rest_route=\/wp\/v2\/pages\/99\/revisions"}],"predecessor-version":[{"id":140,"href":"https:\/\/symcg.cl\/index.php?rest_route=\/wp\/v2\/pages\/99\/revisions\/140"}],"wp:attachment":[{"href":"https:\/\/symcg.cl\/index.php?rest_route=%2Fwp%2Fv2%2Fmedia&parent=99"}],"curies":[{"name":"wp","href":"https:\/\/api.w.org\/{rel}","templated":true}]}}