{"id":56,"date":"2015-03-30T20:27:38","date_gmt":"2015-03-30T20:27:38","guid":{"rendered":"http:\/\/symcg.cl\/?page_id=56"},"modified":"2015-04-02T19:04:05","modified_gmt":"2015-04-02T19:04:05","slug":"proyectos-de-consultoria","status":"publish","type":"page","link":"https:\/\/symcg.cl\/?page_id=56","title":{"rendered":"Proyectos de Consultor\u00eda"},"content":{"rendered":"<div class=\"custom-frame-wrapper alignright frame-shadow\"><div class=\"custom-frame-inner-wrapper\"><div class=\"custom-frame-padding\">    <img decoding=\"async\" src=\"https:\/\/symcg.cl\/wp-content\/uploads\/2015\/04\/consultoria-300x200.jpg\" alt=\"Sample Image\" \/><\/div><\/div><\/div>\n<p>Asesoramos y acompa\u00f1amos a nuestros clientes en sus procesos de:<\/p>\n<ul>\n<li>Evaluaci\u00f3n de Desempe\u00f1o.<\/li>\n<li>Detecci\u00f3n de necesidades de capacitaci\u00f3n.<\/li>\n<li>Gesti\u00f3n del cambio.<\/li>\n<li>Levantamiento de perfil.<\/li>\n<li>Procesos de planificaci\u00f3n estrat\u00e9gica.<\/li>\n<\/ul>\n","protected":false},"excerpt":{"rendered":"<p>Asesoramos y acompa\u00f1amos a nuestros clientes en sus procesos de: Evaluaci\u00f3n de Desempe\u00f1o. Detecci\u00f3n de necesidades de capacitaci\u00f3n. Gesti\u00f3n del cambio. Levantamiento de perfil. Procesos de planificaci\u00f3n estrat\u00e9gica.<\/p>\n","protected":false},"author":1,"featured_media":0,"parent":0,"menu_order":0,"comment_status":"open","ping_status":"closed","template":"","meta":{"footnotes":""},"class_list":["post-56","page","type-page","status-publish","hentry"],"_links":{"self":[{"href":"https:\/\/symcg.cl\/index.php?rest_route=\/wp\/v2\/pages\/56","targetHints":{"allow":["GET"]}}],"collection":[{"href":"https:\/\/symcg.cl\/index.php?rest_route=\/wp\/v2\/pages"}],"about":[{"href":"https:\/\/symcg.cl\/index.php?rest_route=\/wp\/v2\/types\/page"}],"author":[{"embeddable":true,"href":"https:\/\/symcg.cl\/index.php?rest_route=\/wp\/v2\/users\/1"}],"replies":[{"embeddable":true,"href":"https:\/\/symcg.cl\/index.php?rest_route=%2Fwp%2Fv2%2Fcomments&post=56"}],"version-history":[{"count":7,"href":"https:\/\/symcg.cl\/index.php?rest_route=\/wp\/v2\/pages\/56\/revisions"}],"predecessor-version":[{"id":152,"href":"https:\/\/symcg.cl\/index.php?rest_route=\/wp\/v2\/pages\/56\/revisions\/152"}],"wp:attachment":[{"href":"https:\/\/symcg.cl\/index.php?rest_route=%2Fwp%2Fv2%2Fmedia&parent=56"}],"curies":[{"name":"wp","href":"https:\/\/api.w.org\/{rel}","templated":true}]}}