{"id":46,"date":"2015-03-30T20:24:48","date_gmt":"2015-03-30T20:24:48","guid":{"rendered":"http:\/\/symcg.cl\/?page_id=46"},"modified":"2015-04-02T19:00:31","modified_gmt":"2015-04-02T19:00:31","slug":"servicios-de-capacitacion","status":"publish","type":"page","link":"https:\/\/symcg.cl\/?page_id=46","title":{"rendered":"Servicios de Capacitaci\u00f3n"},"content":{"rendered":"<div class=\"custom-frame-wrapper alignright frame-shadow\"><div class=\"custom-frame-inner-wrapper\"><div class=\"custom-frame-padding\">    <img decoding=\"async\" src=\"https:\/\/symcg.cl\/wp-content\/uploads\/2015\/04\/capacitacion-300x200.jpg\" alt=\"Sample Image\" \/><\/div><\/div><\/div>\n<p>Creemos en el aprendizaje de las personas, y en el permanente proceso de desarrollo de su potencial. Generamos\u00a0indicadores para cada proceso, permitiendo vislumbrar las transformaciones que se dar\u00e1n en su organizaci\u00f3n.<\/p>\n<ul>\n<li>Dise\u00f1ado en su totalidad seg\u00fan la necesidad de la organizaci\u00f3n.<\/li>\n<li>Contempla un proceso de fijaci\u00f3n de competencias con el fin de saber cu\u00e1les son lo requerimientos\u00a0espec\u00edficos del cliente y cu\u00e1l es el marco de la Cultura Laboral existente, orientando el programa hacia los\u00a0objetivos estrat\u00e9gicos de la organizaci\u00f3n-cliente.<\/li>\n<li>Trabajamos como aliados del \u00e1rea de Recursos Humanos o Departamento de capacitaci\u00f3n.<\/li>\n<li>Sus resultados son medibles en base a indicadores, seg\u00fan sus caracter\u00edsticas.<\/li>\n<li>Implica un trabajo sostenido en el tiempo.<\/li>\n<li>Considera las caracter\u00edsticas personales de cada participante.<\/li>\n<li>Busca el desarrollo concreto de habilidades en los participantes.<\/li>\n<\/ul>\n<h4 class=\"slide_toggle\"><a href=\"#\">Competencias Transversales<\/a><\/h4><div class=\"slide_toggle_content\" style=\"display: none;\">\nComunicaci\u00f3n.<br \/>\nLiderazgo.<br \/>\nRelaciones interpersonales.<br \/>\nCompromiso organizacional.<br \/>\nTrabajo en equipo.<br \/>\nCambio organizacional.<br \/>\n<\/div>\n<h4 class=\"slide_toggle\"><a href=\"#\">Competencias T\u00e9cnicas<\/a><\/h4><div class=\"slide_toggle_content\" style=\"display: none;\">\nAtenci\u00f3n al cliente.<br \/>\nNegociaci\u00f3n efectiva.<br \/>\nT\u00e9cnicas de ventas.<br \/>\nSupervisi\u00f3n eficaz.<br \/>\nCompetencias estrat\u00e9gicas.<br \/>\nHabilidades gerenciales.<br \/>\nVentas estrat\u00e9gicas.<br \/>\nGesti\u00f3n del cambio.<br \/>\nLiderazgo.<br \/>\n<\/div>\n","protected":false},"excerpt":{"rendered":"<p>Creemos en el aprendizaje de las personas, y en el permanente proceso de desarrollo de su potencial. Generamos\u00a0indicadores para cada proceso, permitiendo vislumbrar las transformaciones que se dar\u00e1n en su organizaci\u00f3n. Dise\u00f1ado en su totalidad seg\u00fan la necesidad de la organizaci\u00f3n. Contempla un proceso de fijaci\u00f3n de [&hellip;]<\/p>\n","protected":false},"author":1,"featured_media":0,"parent":0,"menu_order":0,"comment_status":"open","ping_status":"closed","template":"","meta":{"footnotes":""},"class_list":["post-46","page","type-page","status-publish","hentry"],"_links":{"self":[{"href":"https:\/\/symcg.cl\/index.php?rest_route=\/wp\/v2\/pages\/46","targetHints":{"allow":["GET"]}}],"collection":[{"href":"https:\/\/symcg.cl\/index.php?rest_route=\/wp\/v2\/pages"}],"about":[{"href":"https:\/\/symcg.cl\/index.php?rest_route=\/wp\/v2\/types\/page"}],"author":[{"embeddable":true,"href":"https:\/\/symcg.cl\/index.php?rest_route=\/wp\/v2\/users\/1"}],"replies":[{"embeddable":true,"href":"https:\/\/symcg.cl\/index.php?rest_route=%2Fwp%2Fv2%2Fcomments&post=46"}],"version-history":[{"count":11,"href":"https:\/\/symcg.cl\/index.php?rest_route=\/wp\/v2\/pages\/46\/revisions"}],"predecessor-version":[{"id":148,"href":"https:\/\/symcg.cl\/index.php?rest_route=\/wp\/v2\/pages\/46\/revisions\/148"}],"wp:attachment":[{"href":"https:\/\/symcg.cl\/index.php?rest_route=%2Fwp%2Fv2%2Fmedia&parent=46"}],"curies":[{"name":"wp","href":"https:\/\/api.w.org\/{rel}","templated":true}]}}