{"id":44,"date":"2015-03-30T20:14:14","date_gmt":"2015-03-30T20:14:14","guid":{"rendered":"http:\/\/symcg.cl\/?page_id=44"},"modified":"2015-04-02T18:59:34","modified_gmt":"2015-04-02T18:59:34","slug":"evaluacion-psicologica-y-de-potencial","status":"publish","type":"page","link":"https:\/\/symcg.cl\/?page_id=44","title":{"rendered":"Evaluaci\u00f3n Psicol\u00f3gica y de Potencial"},"content":{"rendered":"<div class=\"custom-frame-wrapper alignright frame-shadow\"><div class=\"custom-frame-inner-wrapper\"><div class=\"custom-frame-padding\">    <img decoding=\"async\" src=\"https:\/\/symcg.cl\/wp-content\/uploads\/2015\/04\/evaluacion-300x300.jpg\" \/><\/div><\/div><\/div>\n<p>Entendemos la importancia de una buena selecci\u00f3n no solo en una nueva contrataci\u00f3n de personal, tambi\u00e9n en el\u00a0momento de una promoci\u00f3n interna. Es por esto que contamos con profesionales especializados en\u00a0psicodiagn\u00f3stico laboral, ofreciendo servicios de evaluaciones por competencia, individuales grupales, y\u00a0Assesstment Center .<\/p>\n<p>Contamos con profesionales desde Arica hasta Punta Arenas, minimizando los tiempos de repuestas a nuestros\u00a0clientes y marcando una diferencia en el mercado.<\/p>\n<p><strong>Metodolog\u00eda de trabajo:<\/strong><\/p>\n<p>El proceso de evaluaci\u00f3n es realizado por 2 o m\u00e1s profesionales dependiendo del tipo de evaluaci\u00f3n\u00a0(Individual o Grupal) y consta de cuatro partes:<\/p>\n<p>1.- Presentaci\u00f3n de la \u00a0compa\u00f1\u00eda<\/p>\n<ul>\n<li>Rese\u00f1a Hist\u00f3rica.<\/li>\n<li>Presentaci\u00f3n del cargo y sus responsabilidades.<\/li>\n<li>Estructura de renta y beneficios.<\/li>\n<\/ul>\n<p>2.-\u00a0Presentaci\u00f3n del o \u00a0los postulantes.<\/p>\n<p>3.-\u00a0Aplicaci\u00f3n de Bater\u00edas psicol\u00f3gicas.<\/p>\n<p>4.-\u00a0Entrevista Personal. (Por Competencias).<\/p>\n","protected":false},"excerpt":{"rendered":"<p>Entendemos la importancia de una buena selecci\u00f3n no solo en una nueva contrataci\u00f3n de personal, tambi\u00e9n en el\u00a0momento de una promoci\u00f3n interna. Es por esto que contamos con profesionales especializados en\u00a0psicodiagn\u00f3stico laboral, ofreciendo servicios de evaluaciones por competencia, individuales grupales, y\u00a0Assesstment Center . Contamos con profesionales desde [&hellip;]<\/p>\n","protected":false},"author":1,"featured_media":0,"parent":0,"menu_order":0,"comment_status":"open","ping_status":"closed","template":"","meta":{"footnotes":""},"class_list":["post-44","page","type-page","status-publish","hentry"],"_links":{"self":[{"href":"https:\/\/symcg.cl\/index.php?rest_route=\/wp\/v2\/pages\/44","targetHints":{"allow":["GET"]}}],"collection":[{"href":"https:\/\/symcg.cl\/index.php?rest_route=\/wp\/v2\/pages"}],"about":[{"href":"https:\/\/symcg.cl\/index.php?rest_route=\/wp\/v2\/types\/page"}],"author":[{"embeddable":true,"href":"https:\/\/symcg.cl\/index.php?rest_route=\/wp\/v2\/users\/1"}],"replies":[{"embeddable":true,"href":"https:\/\/symcg.cl\/index.php?rest_route=%2Fwp%2Fv2%2Fcomments&post=44"}],"version-history":[{"count":5,"href":"https:\/\/symcg.cl\/index.php?rest_route=\/wp\/v2\/pages\/44\/revisions"}],"predecessor-version":[{"id":147,"href":"https:\/\/symcg.cl\/index.php?rest_route=\/wp\/v2\/pages\/44\/revisions\/147"}],"wp:attachment":[{"href":"https:\/\/symcg.cl\/index.php?rest_route=%2Fwp%2Fv2%2Fmedia&parent=44"}],"curies":[{"name":"wp","href":"https:\/\/api.w.org\/{rel}","templated":true}]}}