{"id":42,"date":"2015-03-30T20:10:20","date_gmt":"2015-03-30T20:10:20","guid":{"rendered":"http:\/\/symcg.cl\/?page_id=42"},"modified":"2015-04-02T18:58:13","modified_gmt":"2015-04-02T18:58:13","slug":"headhunting","status":"publish","type":"page","link":"https:\/\/symcg.cl\/?page_id=42","title":{"rendered":"Headhunting"},"content":{"rendered":"<p>Gracias a nuestra experiencia y el profesionalismo de nuestros colaboradores, hemos logrado entregar a nuestros\u00a0clientes un servicio de calidad, permiti\u00e9ndonos llegar a las mejores y m\u00e1s altas posiciones.<\/p>\n<p>Nuestro objetivo no es s\u00f3lo buscar altos ejecutivos, sino encontrar el profesional id\u00f3neo para cada empresa.\u00a0Utilizamos una metodolog\u00eda nos permite un seguimiento cercano que permite localizar al mejor talento con valores\u00a0y competencias acordes a lo solicitado por nuestro cliente.<\/p>\n<div style=\"text-align:center;\"><div class=\"custom-frame-wrapper aligncenter frame-shadow\"><div class=\"custom-frame-inner-wrapper\"><div class=\"custom-frame-padding\">    <img decoding=\"async\" src=\"https:\/\/symcg.cl\/wp-content\/uploads\/2015\/04\/headhunter-300x188.jpg\" alt=\"Headhunting\" \/><\/div><\/div><\/div><\/div>\n<p>Nuestros pasos para el \u00e9xito son:<\/p>\n<ul>\n<li>Levantamiento de informaci\u00f3n y revisi\u00f3n del perfil con cliente.<\/li>\n<li>Research del mercado y primer informe cliente.<\/li>\n<li>Segundo informe presentaci\u00f3n antecedentes candidatos y retroalimentaci\u00f3n y sugerencias cliente.<\/li>\n<li>Entrevista y evaluaci\u00f3n de candidatos.<\/li>\n<li>Entrevistas cliente.<\/li>\n<li>Negociaci\u00f3n y contrataci\u00f3n de candidato.<\/li>\n<li>Seguimiento durante tres meses para asegurar la calidad del servicio.<\/li>\n<\/ul>\n","protected":false},"excerpt":{"rendered":"<p>Gracias a nuestra experiencia y el profesionalismo de nuestros colaboradores, hemos logrado entregar a nuestros\u00a0clientes un servicio de calidad, permiti\u00e9ndonos llegar a las mejores y m\u00e1s altas posiciones. Nuestro objetivo no es s\u00f3lo buscar altos ejecutivos, sino encontrar el profesional id\u00f3neo para cada empresa.\u00a0Utilizamos una metodolog\u00eda nos [&hellip;]<\/p>\n","protected":false},"author":1,"featured_media":0,"parent":0,"menu_order":0,"comment_status":"open","ping_status":"closed","template":"","meta":{"footnotes":""},"class_list":["post-42","page","type-page","status-publish","hentry"],"_links":{"self":[{"href":"https:\/\/symcg.cl\/index.php?rest_route=\/wp\/v2\/pages\/42","targetHints":{"allow":["GET"]}}],"collection":[{"href":"https:\/\/symcg.cl\/index.php?rest_route=\/wp\/v2\/pages"}],"about":[{"href":"https:\/\/symcg.cl\/index.php?rest_route=\/wp\/v2\/types\/page"}],"author":[{"embeddable":true,"href":"https:\/\/symcg.cl\/index.php?rest_route=\/wp\/v2\/users\/1"}],"replies":[{"embeddable":true,"href":"https:\/\/symcg.cl\/index.php?rest_route=%2Fwp%2Fv2%2Fcomments&post=42"}],"version-history":[{"count":4,"href":"https:\/\/symcg.cl\/index.php?rest_route=\/wp\/v2\/pages\/42\/revisions"}],"predecessor-version":[{"id":145,"href":"https:\/\/symcg.cl\/index.php?rest_route=\/wp\/v2\/pages\/42\/revisions\/145"}],"wp:attachment":[{"href":"https:\/\/symcg.cl\/index.php?rest_route=%2Fwp%2Fv2%2Fmedia&parent=42"}],"curies":[{"name":"wp","href":"https:\/\/api.w.org\/{rel}","templated":true}]}}