{"id":2,"date":"2015-03-30T16:11:40","date_gmt":"2015-03-30T16:11:40","guid":{"rendered":"http:\/\/symcg.cl\/?page_id=2"},"modified":"2015-04-23T15:16:34","modified_gmt":"2015-04-23T15:16:34","slug":"pagina-ejemplo","status":"publish","type":"page","link":"https:\/\/symcg.cl\/?page_id=2","title":{"rendered":"Qui\u00e9nes Somos"},"content":{"rendered":"<p><a href=\"https:\/\/symcg.cl\/wp-content\/uploads\/2015\/03\/eng_solo.jpg\" rel=\"wp-prettyPhoto[2]\"><img loading=\"lazy\" decoding=\"async\" class=\" wp-image-133 size-medium alignright\" src=\"https:\/\/symcg.cl\/wp-content\/uploads\/2015\/03\/eng_solo-300x271.jpg\" alt=\"eng_solo\" width=\"300\" height=\"271\" srcset=\"https:\/\/symcg.cl\/wp-content\/uploads\/2015\/03\/eng_solo-300x271.jpg 300w, https:\/\/symcg.cl\/wp-content\/uploads\/2015\/03\/eng_solo.jpg 567w\" sizes=\"auto, (max-width: 300px) 100vw, 300px\" \/><\/a>S&amp;M Consulting Group busca entregar soluciones r\u00e1pidas y eficientes en el reclutamiento y selecci\u00f3n de\u00a0profesionales, as\u00ed como en las \u00e1reas de capacitaci\u00f3n y la asesor\u00eda de proyectos de RR.HH.<\/p>\n<p>Comprendiendo que cada\u00a0empresa es \u00fanica e importante, ofrecemos soluciones creativas e innovadoras dise\u00f1adas a medida de nuestros\u00a0clientes, poniendo a su disposici\u00f3n todo nuestro conocimiento y el de nuestros profesionales.<\/p>\n<ul>\n<li><strong>Misi\u00f3n<\/strong><\/li>\n<\/ul>\n<p>Otorgar a nuestros clientes un servicio integral de calidad en la gesti\u00f3n de RR.HH. Contribuir en forma efectiva en\u00a0sus procesos de b\u00fasqueda y selecci\u00f3n, evaluaciones psicol\u00f3gicas, capacitaci\u00f3n y consultor\u00eda.<\/p>\n<ul>\n<li><strong>Visi\u00f3n<\/strong><\/li>\n<\/ul>\n<p>Nuestra visi\u00f3n consiste en posicionar nuestra empresa en una de las mejores en el mercado, adapt\u00e1ndonos a las\u00a0necesidades y requerimiento de nuestros clientes con profesionalismo, minimizando los tiempos de respuestas y\u00a0adapt\u00e1ndonos a su realidad.<\/p>\n","protected":false},"excerpt":{"rendered":"<p>S&amp;M Consulting Group busca entregar soluciones r\u00e1pidas y eficientes en el reclutamiento y selecci\u00f3n de\u00a0profesionales, as\u00ed como en las \u00e1reas de capacitaci\u00f3n y la asesor\u00eda de proyectos de RR.HH. Comprendiendo que cada\u00a0empresa es \u00fanica e importante, ofrecemos soluciones creativas e innovadoras dise\u00f1adas a medida de nuestros\u00a0clientes, poniendo [&hellip;]<\/p>\n","protected":false},"author":1,"featured_media":0,"parent":0,"menu_order":0,"comment_status":"open","ping_status":"closed","template":"","meta":{"footnotes":""},"class_list":["post-2","page","type-page","status-publish","hentry"],"_links":{"self":[{"href":"https:\/\/symcg.cl\/index.php?rest_route=\/wp\/v2\/pages\/2","targetHints":{"allow":["GET"]}}],"collection":[{"href":"https:\/\/symcg.cl\/index.php?rest_route=\/wp\/v2\/pages"}],"about":[{"href":"https:\/\/symcg.cl\/index.php?rest_route=\/wp\/v2\/types\/page"}],"author":[{"embeddable":true,"href":"https:\/\/symcg.cl\/index.php?rest_route=\/wp\/v2\/users\/1"}],"replies":[{"embeddable":true,"href":"https:\/\/symcg.cl\/index.php?rest_route=%2Fwp%2Fv2%2Fcomments&post=2"}],"version-history":[{"count":8,"href":"https:\/\/symcg.cl\/index.php?rest_route=\/wp\/v2\/pages\/2\/revisions"}],"predecessor-version":[{"id":13,"href":"https:\/\/symcg.cl\/index.php?rest_route=\/wp\/v2\/pages\/2\/revisions\/13"}],"wp:attachment":[{"href":"https:\/\/symcg.cl\/index.php?rest_route=%2Fwp%2Fv2%2Fmedia&parent=2"}],"curies":[{"name":"wp","href":"https:\/\/api.w.org\/{rel}","templated":true}]}}